{"id":4831,"date":"2026-03-03T17:16:02","date_gmt":"2026-03-03T14:16:02","guid":{"rendered":"https:\/\/www.entekmekanik.com\/?page_id=4831"},"modified":"2026-03-10T15:25:57","modified_gmt":"2026-03-10T12:25:57","slug":"faaliyet-alanlarimiz","status":"publish","type":"page","link":"https:\/\/www.entekmekanik.com\/en\/faaliyet-alanlarimiz\/","title":{"rendered":"Our Fields of Activity"},"content":{"rendered":"<div data-elementor-type=\"wp-page\" data-elementor-id=\"4831\" class=\"elementor elementor-4831\" data-elementor-post-type=\"page\">\n\t\t\t\t<div class=\"elementor-element elementor-element-362ef09 e-flex e-con-boxed e-con e-parent\" data-id=\"362ef09\" data-element_type=\"container\" data-e-type=\"container\">\n\t\t\t\t\t<div class=\"e-con-inner\">\n\t\t\t\t<div class=\"elementor-element elementor-element-6d03393 elementor-grid-3 elementor-grid-tablet-2 elementor-grid-mobile-1 elementor-posts--thumbnail-top elementor-card-shadow-yes elementor-posts__hover-gradient elementor-widget elementor-widget-posts\" data-id=\"6d03393\" data-element_type=\"widget\" data-e-type=\"widget\" data-settings=\"{&quot;cards_columns&quot;:&quot;3&quot;,&quot;cards_columns_tablet&quot;:&quot;2&quot;,&quot;cards_columns_mobile&quot;:&quot;1&quot;,&quot;cards_row_gap&quot;:{&quot;unit&quot;:&quot;px&quot;,&quot;size&quot;:35,&quot;sizes&quot;:[]},&quot;cards_row_gap_tablet&quot;:{&quot;unit&quot;:&quot;px&quot;,&quot;size&quot;:&quot;&quot;,&quot;sizes&quot;:[]},&quot;cards_row_gap_mobile&quot;:{&quot;unit&quot;:&quot;px&quot;,&quot;size&quot;:&quot;&quot;,&quot;sizes&quot;:[]}}\" data-widget_type=\"posts.cards\">\n\t\t\t\t<div class=\"elementor-widget-container\">\n\t\t\t\t\t\t\t<div class=\"elementor-posts-container elementor-posts elementor-posts--skin-cards elementor-grid\" role=\"list\">\n\t\t\t\t<article class=\"elementor-post elementor-grid-item post-4961 post type-post status-publish format-standard has-post-thumbnail hentry category-uncategorized\" role=\"listitem\">\n\t\t\t<div class=\"elementor-post__card\">\n\t\t\t\t<a class=\"elementor-post__thumbnail__link\" href=\"https:\/\/www.entekmekanik.com\/en\/enerji-santralleri-dogal-gaz-cevrim-jeotermal-termikhes-biyokutle-nukleer-vb\/\" tabindex=\"-1\" ><div class=\"elementor-post__thumbnail\"><img fetchpriority=\"high\" decoding=\"async\" width=\"960\" height=\"540\" src=\"https:\/\/www.entekmekanik.com\/wp-content\/uploads\/2026\/03\/Adsiz-tasarim-2026-03-04T124454.741.jpg\" class=\"attachment-full size-full wp-image-4962\" alt=\"\" srcset=\"https:\/\/www.entekmekanik.com\/wp-content\/uploads\/2026\/03\/Adsiz-tasarim-2026-03-04T124454.741.jpg 960w, https:\/\/www.entekmekanik.com\/wp-content\/uploads\/2026\/03\/Adsiz-tasarim-2026-03-04T124454.741-300x169.jpg 300w, https:\/\/www.entekmekanik.com\/wp-content\/uploads\/2026\/03\/Adsiz-tasarim-2026-03-04T124454.741-768x432.jpg 768w\" sizes=\"(max-width: 960px) 100vw, 960px\" \/><\/div><\/a>\n\t\t\t\t<div class=\"elementor-post__text\">\n\t\t\t\t<h3 class=\"elementor-post__title\">\n\t\t\t<a href=\"https:\/\/www.entekmekanik.com\/en\/enerji-santralleri-dogal-gaz-cevrim-jeotermal-termikhes-biyokutle-nukleer-vb\/\" >\n\t\t\t\tPower Plants (Natural Gas Combined Cycle, Geothermal, Thermal, Hydroelectric, Biomass, Nuclear, etc.)\t\t\t<\/a>\n\t\t<\/h3>\n\t\t\n\t\t<a class=\"elementor-post__read-more\" href=\"https:\/\/www.entekmekanik.com\/en\/enerji-santralleri-dogal-gaz-cevrim-jeotermal-termikhes-biyokutle-nukleer-vb\/\" aria-label=\"Read more about Enerji Santralleri (Do\u011fal Gaz \u00c7evrim, Jeotermal, Termik,HES, Biyok\u00fctle, N\u00fckleer vb.)\" tabindex=\"-1\" >\n\t\t\tRead more \"\t\t<\/a>\n\n\t\t\t\t<\/div>\n\t\t\t\t\t<\/div>\n\t\t<\/article>\n\t\t\t\t<article class=\"elementor-post elementor-grid-item post-4980 post type-post status-publish format-standard has-post-thumbnail hentry category-uncategorized\" role=\"listitem\">\n\t\t\t<div class=\"elementor-post__card\">\n\t\t\t\t<a class=\"elementor-post__thumbnail__link\" href=\"https:\/\/www.entekmekanik.com\/en\/petrol-rafinerileri\/\" tabindex=\"-1\" ><div class=\"elementor-post__thumbnail\"><img decoding=\"async\" width=\"960\" height=\"540\" src=\"https:\/\/www.entekmekanik.com\/wp-content\/uploads\/2026\/03\/Adsiz-tasarim-2026-03-04T125226.105.jpg\" class=\"attachment-full size-full wp-image-4981\" alt=\"\" srcset=\"https:\/\/www.entekmekanik.com\/wp-content\/uploads\/2026\/03\/Adsiz-tasarim-2026-03-04T125226.105.jpg 960w, https:\/\/www.entekmekanik.com\/wp-content\/uploads\/2026\/03\/Adsiz-tasarim-2026-03-04T125226.105-300x169.jpg 300w, https:\/\/www.entekmekanik.com\/wp-content\/uploads\/2026\/03\/Adsiz-tasarim-2026-03-04T125226.105-768x432.jpg 768w\" sizes=\"(max-width: 960px) 100vw, 960px\" \/><\/div><\/a>\n\t\t\t\t<div class=\"elementor-post__text\">\n\t\t\t\t<h3 class=\"elementor-post__title\">\n\t\t\t<a href=\"https:\/\/www.entekmekanik.com\/en\/petrol-rafinerileri\/\" >\n\t\t\t\tOil Refineries\t\t\t<\/a>\n\t\t<\/h3>\n\t\t\n\t\t<a class=\"elementor-post__read-more\" href=\"https:\/\/www.entekmekanik.com\/en\/petrol-rafinerileri\/\" aria-label=\"Read more about Petrol Rafinerileri\" tabindex=\"-1\" >\n\t\t\tRead more \"\t\t<\/a>\n\n\t\t\t\t<\/div>\n\t\t\t\t\t<\/div>\n\t\t<\/article>\n\t\t\t\t<article class=\"elementor-post elementor-grid-item post-5012 post type-post status-publish format-standard has-post-thumbnail hentry category-uncategorized\" role=\"listitem\">\n\t\t\t<div class=\"elementor-post__card\">\n\t\t\t\t<a class=\"elementor-post__thumbnail__link\" href=\"https:\/\/www.entekmekanik.com\/en\/hava-ayristirma-tesisleri\/\" tabindex=\"-1\" ><div class=\"elementor-post__thumbnail\"><img decoding=\"async\" width=\"960\" height=\"540\" src=\"https:\/\/www.entekmekanik.com\/wp-content\/uploads\/2026\/03\/Adsiz-tasarim.jpg\" class=\"attachment-full size-full wp-image-5013\" alt=\"\" srcset=\"https:\/\/www.entekmekanik.com\/wp-content\/uploads\/2026\/03\/Adsiz-tasarim.jpg 960w, https:\/\/www.entekmekanik.com\/wp-content\/uploads\/2026\/03\/Adsiz-tasarim-300x169.jpg 300w, https:\/\/www.entekmekanik.com\/wp-content\/uploads\/2026\/03\/Adsiz-tasarim-768x432.jpg 768w\" sizes=\"(max-width: 960px) 100vw, 960px\" \/><\/div><\/a>\n\t\t\t\t<div class=\"elementor-post__text\">\n\t\t\t\t<h3 class=\"elementor-post__title\">\n\t\t\t<a href=\"https:\/\/www.entekmekanik.com\/en\/hava-ayristirma-tesisleri\/\" >\n\t\t\t\tAir Separation Plants\t\t\t<\/a>\n\t\t<\/h3>\n\t\t\n\t\t<a class=\"elementor-post__read-more\" href=\"https:\/\/www.entekmekanik.com\/en\/hava-ayristirma-tesisleri\/\" aria-label=\"Read more about Hava Ayr\u0131\u015ft\u0131rma Tesisleri\" tabindex=\"-1\" >\n\t\t\tRead more \"\t\t<\/a>\n\n\t\t\t\t<\/div>\n\t\t\t\t\t<\/div>\n\t\t<\/article>\n\t\t\t\t<article class=\"elementor-post elementor-grid-item post-5020 post type-post status-publish format-standard has-post-thumbnail hentry category-uncategorized\" role=\"listitem\">\n\t\t\t<div class=\"elementor-post__card\">\n\t\t\t\t<a class=\"elementor-post__thumbnail__link\" href=\"https:\/\/www.entekmekanik.com\/en\/aritma-tesisleri\/\" tabindex=\"-1\" ><div class=\"elementor-post__thumbnail\"><img loading=\"lazy\" decoding=\"async\" width=\"960\" height=\"540\" src=\"https:\/\/www.entekmekanik.com\/wp-content\/uploads\/2026\/03\/Adsiz-tasarim-1.jpg\" class=\"attachment-full size-full wp-image-5021\" alt=\"\" srcset=\"https:\/\/www.entekmekanik.com\/wp-content\/uploads\/2026\/03\/Adsiz-tasarim-1.jpg 960w, https:\/\/www.entekmekanik.com\/wp-content\/uploads\/2026\/03\/Adsiz-tasarim-1-300x169.jpg 300w, https:\/\/www.entekmekanik.com\/wp-content\/uploads\/2026\/03\/Adsiz-tasarim-1-768x432.jpg 768w\" sizes=\"(max-width: 960px) 100vw, 960px\" \/><\/div><\/a>\n\t\t\t\t<div class=\"elementor-post__text\">\n\t\t\t\t<h3 class=\"elementor-post__title\">\n\t\t\t<a href=\"https:\/\/www.entekmekanik.com\/en\/aritma-tesisleri\/\" >\n\t\t\t\tTreatment Facilities\t\t\t<\/a>\n\t\t<\/h3>\n\t\t\n\t\t<a class=\"elementor-post__read-more\" href=\"https:\/\/www.entekmekanik.com\/en\/aritma-tesisleri\/\" aria-label=\"Read more about Ar\u0131tma Tesisleri\" tabindex=\"-1\" >\n\t\t\tRead more \"\t\t<\/a>\n\n\t\t\t\t<\/div>\n\t\t\t\t\t<\/div>\n\t\t<\/article>\n\t\t\t\t<article class=\"elementor-post elementor-grid-item post-5027 post type-post status-publish format-standard has-post-thumbnail hentry category-uncategorized\" role=\"listitem\">\n\t\t\t<div class=\"elementor-post__card\">\n\t\t\t\t<a class=\"elementor-post__thumbnail__link\" href=\"https:\/\/www.entekmekanik.com\/en\/demir-celik-fabrikalari\/\" tabindex=\"-1\" ><div class=\"elementor-post__thumbnail\"><img loading=\"lazy\" decoding=\"async\" width=\"960\" height=\"540\" src=\"https:\/\/www.entekmekanik.com\/wp-content\/uploads\/2026\/03\/Demir-Celik-Fabrikalari.jpg\" class=\"attachment-full size-full wp-image-5028\" alt=\"\" srcset=\"https:\/\/www.entekmekanik.com\/wp-content\/uploads\/2026\/03\/Demir-Celik-Fabrikalari.jpg 960w, https:\/\/www.entekmekanik.com\/wp-content\/uploads\/2026\/03\/Demir-Celik-Fabrikalari-300x169.jpg 300w, https:\/\/www.entekmekanik.com\/wp-content\/uploads\/2026\/03\/Demir-Celik-Fabrikalari-768x432.jpg 768w\" sizes=\"(max-width: 960px) 100vw, 960px\" \/><\/div><\/a>\n\t\t\t\t<div class=\"elementor-post__text\">\n\t\t\t\t<h3 class=\"elementor-post__title\">\n\t\t\t<a href=\"https:\/\/www.entekmekanik.com\/en\/demir-celik-fabrikalari\/\" >\n\t\t\t\tIron and Steel Factories\t\t\t<\/a>\n\t\t<\/h3>\n\t\t\n\t\t<a class=\"elementor-post__read-more\" href=\"https:\/\/www.entekmekanik.com\/en\/demir-celik-fabrikalari\/\" aria-label=\"Read more about Demir \u00c7elik Fabrikalar\u0131\" tabindex=\"-1\" >\n\t\t\tRead more \"\t\t<\/a>\n\n\t\t\t\t<\/div>\n\t\t\t\t\t<\/div>\n\t\t<\/article>\n\t\t\t\t<article class=\"elementor-post elementor-grid-item post-5034 post type-post status-publish format-standard has-post-thumbnail hentry category-uncategorized\" role=\"listitem\">\n\t\t\t<div class=\"elementor-post__card\">\n\t\t\t\t<a class=\"elementor-post__thumbnail__link\" href=\"https:\/\/www.entekmekanik.com\/en\/kagit-fabrikalari\/\" tabindex=\"-1\" ><div class=\"elementor-post__thumbnail\"><img loading=\"lazy\" decoding=\"async\" width=\"960\" height=\"540\" src=\"https:\/\/www.entekmekanik.com\/wp-content\/uploads\/2026\/03\/Demir-Celik-Fabrikalari-1.jpg\" class=\"attachment-full size-full wp-image-5035\" alt=\"\" srcset=\"https:\/\/www.entekmekanik.com\/wp-content\/uploads\/2026\/03\/Demir-Celik-Fabrikalari-1.jpg 960w, https:\/\/www.entekmekanik.com\/wp-content\/uploads\/2026\/03\/Demir-Celik-Fabrikalari-1-300x169.jpg 300w, https:\/\/www.entekmekanik.com\/wp-content\/uploads\/2026\/03\/Demir-Celik-Fabrikalari-1-768x432.jpg 768w\" sizes=\"(max-width: 960px) 100vw, 960px\" \/><\/div><\/a>\n\t\t\t\t<div class=\"elementor-post__text\">\n\t\t\t\t<h3 class=\"elementor-post__title\">\n\t\t\t<a href=\"https:\/\/www.entekmekanik.com\/en\/kagit-fabrikalari\/\" >\n\t\t\t\tPaper Mills\t\t\t<\/a>\n\t\t<\/h3>\n\t\t\n\t\t<a class=\"elementor-post__read-more\" href=\"https:\/\/www.entekmekanik.com\/en\/kagit-fabrikalari\/\" aria-label=\"Read more about Ka\u011f\u0131t Fabrikalar\u0131\" tabindex=\"-1\" >\n\t\t\tRead more \"\t\t<\/a>\n\n\t\t\t\t<\/div>\n\t\t\t\t\t<\/div>\n\t\t<\/article>\n\t\t\t\t<article class=\"elementor-post elementor-grid-item post-5044 post type-post status-publish format-standard has-post-thumbnail hentry category-uncategorized\" role=\"listitem\">\n\t\t\t<div class=\"elementor-post__card\">\n\t\t\t\t<a class=\"elementor-post__thumbnail__link\" href=\"https:\/\/www.entekmekanik.com\/en\/gida-tesisleri\/\" tabindex=\"-1\" ><div class=\"elementor-post__thumbnail\"><img loading=\"lazy\" decoding=\"async\" width=\"960\" height=\"540\" src=\"https:\/\/www.entekmekanik.com\/wp-content\/uploads\/2026\/03\/Adsiz-tasarim-2026-03-18T125446.911.jpg\" class=\"attachment-full size-full wp-image-5835\" alt=\"\" srcset=\"https:\/\/www.entekmekanik.com\/wp-content\/uploads\/2026\/03\/Adsiz-tasarim-2026-03-18T125446.911.jpg 960w, https:\/\/www.entekmekanik.com\/wp-content\/uploads\/2026\/03\/Adsiz-tasarim-2026-03-18T125446.911-300x169.jpg 300w, https:\/\/www.entekmekanik.com\/wp-content\/uploads\/2026\/03\/Adsiz-tasarim-2026-03-18T125446.911-768x432.jpg 768w\" sizes=\"(max-width: 960px) 100vw, 960px\" \/><\/div><\/a>\n\t\t\t\t<div class=\"elementor-post__text\">\n\t\t\t\t<h3 class=\"elementor-post__title\">\n\t\t\t<a href=\"https:\/\/www.entekmekanik.com\/en\/gida-tesisleri\/\" >\n\t\t\t\tFood Facilities\t\t\t<\/a>\n\t\t<\/h3>\n\t\t\n\t\t<a class=\"elementor-post__read-more\" href=\"https:\/\/www.entekmekanik.com\/en\/gida-tesisleri\/\" aria-label=\"Read more about G\u0131da Tesisleri\" tabindex=\"-1\" >\n\t\t\tRead more \"\t\t<\/a>\n\n\t\t\t\t<\/div>\n\t\t\t\t\t<\/div>\n\t\t<\/article>\n\t\t\t\t<article class=\"elementor-post elementor-grid-item post-5060 post type-post status-publish format-standard has-post-thumbnail hentry category-uncategorized\" role=\"listitem\">\n\t\t\t<div class=\"elementor-post__card\">\n\t\t\t\t<a class=\"elementor-post__thumbnail__link\" href=\"https:\/\/www.entekmekanik.com\/en\/petrokimya-tesisleri\/\" tabindex=\"-1\" ><div class=\"elementor-post__thumbnail\"><img loading=\"lazy\" decoding=\"async\" width=\"960\" height=\"540\" src=\"https:\/\/www.entekmekanik.com\/wp-content\/uploads\/2026\/03\/Demir-Celik-Fabrikalari-3.jpg\" class=\"attachment-full size-full wp-image-5061\" alt=\"\" srcset=\"https:\/\/www.entekmekanik.com\/wp-content\/uploads\/2026\/03\/Demir-Celik-Fabrikalari-3.jpg 960w, https:\/\/www.entekmekanik.com\/wp-content\/uploads\/2026\/03\/Demir-Celik-Fabrikalari-3-300x169.jpg 300w, https:\/\/www.entekmekanik.com\/wp-content\/uploads\/2026\/03\/Demir-Celik-Fabrikalari-3-768x432.jpg 768w\" sizes=\"(max-width: 960px) 100vw, 960px\" \/><\/div><\/a>\n\t\t\t\t<div class=\"elementor-post__text\">\n\t\t\t\t<h3 class=\"elementor-post__title\">\n\t\t\t<a href=\"https:\/\/www.entekmekanik.com\/en\/petrokimya-tesisleri\/\" >\n\t\t\t\tPetrochemical Plants\t\t\t<\/a>\n\t\t<\/h3>\n\t\t\n\t\t<a class=\"elementor-post__read-more\" href=\"https:\/\/www.entekmekanik.com\/en\/petrokimya-tesisleri\/\" aria-label=\"Read more about Petrokimya Tesisleri\" tabindex=\"-1\" >\n\t\t\tRead more \"\t\t<\/a>\n\n\t\t\t\t<\/div>\n\t\t\t\t\t<\/div>\n\t\t<\/article>\n\t\t\t\t<article class=\"elementor-post elementor-grid-item post-5067 post type-post status-publish format-standard has-post-thumbnail hentry category-uncategorized\" role=\"listitem\">\n\t\t\t<div class=\"elementor-post__card\">\n\t\t\t\t<a class=\"elementor-post__thumbnail__link\" href=\"https:\/\/www.entekmekanik.com\/en\/cimento-fabrikalari\/\" tabindex=\"-1\" ><div class=\"elementor-post__thumbnail\"><img loading=\"lazy\" decoding=\"async\" width=\"960\" height=\"540\" src=\"https:\/\/www.entekmekanik.com\/wp-content\/uploads\/2026\/03\/Demir-Celik-Fabrikalari-4.jpg\" class=\"attachment-full size-full wp-image-5068\" alt=\"\" srcset=\"https:\/\/www.entekmekanik.com\/wp-content\/uploads\/2026\/03\/Demir-Celik-Fabrikalari-4.jpg 960w, https:\/\/www.entekmekanik.com\/wp-content\/uploads\/2026\/03\/Demir-Celik-Fabrikalari-4-300x169.jpg 300w, https:\/\/www.entekmekanik.com\/wp-content\/uploads\/2026\/03\/Demir-Celik-Fabrikalari-4-768x432.jpg 768w\" sizes=\"(max-width: 960px) 100vw, 960px\" \/><\/div><\/a>\n\t\t\t\t<div class=\"elementor-post__text\">\n\t\t\t\t<h3 class=\"elementor-post__title\">\n\t\t\t<a href=\"https:\/\/www.entekmekanik.com\/en\/cimento-fabrikalari\/\" >\n\t\t\t\tCement Factories\t\t\t<\/a>\n\t\t<\/h3>\n\t\t\n\t\t<a class=\"elementor-post__read-more\" href=\"https:\/\/www.entekmekanik.com\/en\/cimento-fabrikalari\/\" aria-label=\"Read more about \u00c7imento Fabrikalar\u0131\" tabindex=\"-1\" >\n\t\t\tRead more \"\t\t<\/a>\n\n\t\t\t\t<\/div>\n\t\t\t\t\t<\/div>\n\t\t<\/article>\n\t\t\t\t<article class=\"elementor-post elementor-grid-item post-5077 post type-post status-publish format-standard has-post-thumbnail hentry category-uncategorized\" role=\"listitem\">\n\t\t\t<div class=\"elementor-post__card\">\n\t\t\t\t<a class=\"elementor-post__thumbnail__link\" href=\"https:\/\/www.entekmekanik.com\/en\/dogalgaz-depolama-tesisleri\/\" tabindex=\"-1\" ><div class=\"elementor-post__thumbnail\"><img loading=\"lazy\" decoding=\"async\" width=\"960\" height=\"540\" src=\"https:\/\/www.entekmekanik.com\/wp-content\/uploads\/2026\/03\/Demir-Celik-Fabrikalari-5.jpg\" class=\"attachment-full size-full wp-image-5078\" alt=\"\" srcset=\"https:\/\/www.entekmekanik.com\/wp-content\/uploads\/2026\/03\/Demir-Celik-Fabrikalari-5.jpg 960w, https:\/\/www.entekmekanik.com\/wp-content\/uploads\/2026\/03\/Demir-Celik-Fabrikalari-5-300x169.jpg 300w, https:\/\/www.entekmekanik.com\/wp-content\/uploads\/2026\/03\/Demir-Celik-Fabrikalari-5-768x432.jpg 768w\" sizes=\"(max-width: 960px) 100vw, 960px\" \/><\/div><\/a>\n\t\t\t\t<div class=\"elementor-post__text\">\n\t\t\t\t<h3 class=\"elementor-post__title\">\n\t\t\t<a href=\"https:\/\/www.entekmekanik.com\/en\/dogalgaz-depolama-tesisleri\/\" >\n\t\t\t\tNatural Gas Storage Facilities\t\t\t<\/a>\n\t\t<\/h3>\n\t\t\n\t\t<a class=\"elementor-post__read-more\" href=\"https:\/\/www.entekmekanik.com\/en\/dogalgaz-depolama-tesisleri\/\" aria-label=\"Read more about Do\u011falgaz Depolama Tesisleri\" tabindex=\"-1\" >\n\t\t\tRead more \"\t\t<\/a>\n\n\t\t\t\t<\/div>\n\t\t\t\t\t<\/div>\n\t\t<\/article>\n\t\t\t\t<article class=\"elementor-post elementor-grid-item post-5084 post type-post status-publish format-standard has-post-thumbnail hentry category-uncategorized\" role=\"listitem\">\n\t\t\t<div class=\"elementor-post__card\">\n\t\t\t\t<a class=\"elementor-post__thumbnail__link\" href=\"https:\/\/www.entekmekanik.com\/en\/boru-hatlari\/\" tabindex=\"-1\" ><div class=\"elementor-post__thumbnail\"><img loading=\"lazy\" decoding=\"async\" width=\"960\" height=\"540\" src=\"https:\/\/www.entekmekanik.com\/wp-content\/uploads\/2026\/03\/Demir-Celik-Fabrikalari-6.jpg\" class=\"attachment-full size-full wp-image-5086\" alt=\"\" srcset=\"https:\/\/www.entekmekanik.com\/wp-content\/uploads\/2026\/03\/Demir-Celik-Fabrikalari-6.jpg 960w, https:\/\/www.entekmekanik.com\/wp-content\/uploads\/2026\/03\/Demir-Celik-Fabrikalari-6-300x169.jpg 300w, https:\/\/www.entekmekanik.com\/wp-content\/uploads\/2026\/03\/Demir-Celik-Fabrikalari-6-768x432.jpg 768w\" sizes=\"(max-width: 960px) 100vw, 960px\" \/><\/div><\/a>\n\t\t\t\t<div class=\"elementor-post__text\">\n\t\t\t\t<h3 class=\"elementor-post__title\">\n\t\t\t<a href=\"https:\/\/www.entekmekanik.com\/en\/boru-hatlari\/\" >\n\t\t\t\tPipelines\t\t\t<\/a>\n\t\t<\/h3>\n\t\t\n\t\t<a class=\"elementor-post__read-more\" href=\"https:\/\/www.entekmekanik.com\/en\/boru-hatlari\/\" aria-label=\"Read more about Boru Hatlar\u0131\" tabindex=\"-1\" >\n\t\t\tRead more \"\t\t<\/a>\n\n\t\t\t\t<\/div>\n\t\t\t\t\t<\/div>\n\t\t<\/article>\n\t\t\t\t<\/div>\n\t\t\n\t\t\t\t\t\t<\/div>\n\t\t\t\t<\/div>\n\t\t\t\t\t<\/div>\n\t\t\t\t<\/div>\n\t\t\t\t<\/div>\n\t\t\n    <div class=\"xs_social_share_widget xs_share_url after_content \t\tmain_content  wslu-style-1 wslu-share-box-shaped wslu-fill-colored wslu-none wslu-share-horizontal wslu-theme-font-no wslu-main_content\">\n\n\t\t\n        <ul>\n\t\t\t        <\/ul>\n    <\/div>","protected":false},"excerpt":{"rendered":"","protected":false},"author":1,"featured_media":0,"parent":0,"menu_order":0,"comment_status":"closed","ping_status":"closed","template":"","meta":{"inline_featured_image":false,"postBodyCss":"","postBodyMargin":[],"postBodyPadding":[],"postBodyBackground":{"backgroundType":"classic","gradient":""},"footnotes":""},"class_list":["post-4831","page","type-page","status-publish","hentry"],"_links":{"self":[{"href":"https:\/\/www.entekmekanik.com\/en\/wp-json\/wp\/v2\/pages\/4831","targetHints":{"allow":["GET"]}}],"collection":[{"href":"https:\/\/www.entekmekanik.com\/en\/wp-json\/wp\/v2\/pages"}],"about":[{"href":"https:\/\/www.entekmekanik.com\/en\/wp-json\/wp\/v2\/types\/page"}],"author":[{"embeddable":true,"href":"https:\/\/www.entekmekanik.com\/en\/wp-json\/wp\/v2\/users\/1"}],"replies":[{"embeddable":true,"href":"https:\/\/www.entekmekanik.com\/en\/wp-json\/wp\/v2\/comments?post=4831"}],"version-history":[{"count":15,"href":"https:\/\/www.entekmekanik.com\/en\/wp-json\/wp\/v2\/pages\/4831\/revisions"}],"predecessor-version":[{"id":5565,"href":"https:\/\/www.entekmekanik.com\/en\/wp-json\/wp\/v2\/pages\/4831\/revisions\/5565"}],"wp:attachment":[{"href":"https:\/\/www.entekmekanik.com\/en\/wp-json\/wp\/v2\/media?parent=4831"}],"curies":[{"name":"wp","href":"https:\/\/api.w.org\/{rel}","templated":true}]}}