{"id":5510,"date":"2026-03-10T15:00:40","date_gmt":"2026-03-10T12:00:40","guid":{"rendered":"https:\/\/www.entekmekanik.com\/?page_id=5510"},"modified":"2026-03-10T15:38:27","modified_gmt":"2026-03-10T12:38:27","slug":"hizmetlerimiz","status":"publish","type":"page","link":"https:\/\/www.entekmekanik.com\/en\/hizmetlerimiz\/","title":{"rendered":"Our services"},"content":{"rendered":"<div data-elementor-type=\"wp-page\" data-elementor-id=\"5510\" class=\"elementor elementor-5510\" data-elementor-post-type=\"page\">\n\t\t\t\t<div class=\"elementor-element elementor-element-1e7aba5 e-flex e-con-boxed e-con e-parent\" data-id=\"1e7aba5\" data-element_type=\"container\" data-e-type=\"container\">\n\t\t\t\t\t<div class=\"e-con-inner\">\n\t\t\t\t<div class=\"elementor-element elementor-element-830f51c elementor-grid-3 elementor-grid-tablet-2 elementor-grid-mobile-1 elementor-posts--thumbnail-top elementor-card-shadow-yes elementor-posts__hover-gradient elementor-widget elementor-widget-posts\" data-id=\"830f51c\" data-element_type=\"widget\" data-e-type=\"widget\" data-settings=\"{&quot;cards_columns&quot;:&quot;3&quot;,&quot;cards_columns_tablet&quot;:&quot;2&quot;,&quot;cards_columns_mobile&quot;:&quot;1&quot;,&quot;cards_row_gap&quot;:{&quot;unit&quot;:&quot;px&quot;,&quot;size&quot;:35,&quot;sizes&quot;:[]},&quot;cards_row_gap_tablet&quot;:{&quot;unit&quot;:&quot;px&quot;,&quot;size&quot;:&quot;&quot;,&quot;sizes&quot;:[]},&quot;cards_row_gap_mobile&quot;:{&quot;unit&quot;:&quot;px&quot;,&quot;size&quot;:&quot;&quot;,&quot;sizes&quot;:[]}}\" data-widget_type=\"posts.cards\">\n\t\t\t\t<div class=\"elementor-widget-container\">\n\t\t\t\t\t\t\t<div class=\"elementor-posts-container elementor-posts elementor-posts--skin-cards elementor-grid\" role=\"list\">\n\t\t\t\t<article class=\"elementor-post elementor-grid-item post-5567 post type-post status-publish format-standard has-post-thumbnail hentry category-hizmetlerimiz\" role=\"listitem\">\n\t\t\t<div class=\"elementor-post__card\">\n\t\t\t\t<a class=\"elementor-post__thumbnail__link\" href=\"https:\/\/www.entekmekanik.com\/en\/endustriyel-tesis-kurulumu\/\" tabindex=\"-1\" ><div class=\"elementor-post__thumbnail\"><img fetchpriority=\"high\" decoding=\"async\" width=\"960\" height=\"540\" src=\"https:\/\/www.entekmekanik.com\/wp-content\/uploads\/2026\/03\/Endustriyel-Tesis-Kurulumu.jpg\" class=\"attachment-full size-full wp-image-5603\" alt=\"\" srcset=\"https:\/\/www.entekmekanik.com\/wp-content\/uploads\/2026\/03\/Endustriyel-Tesis-Kurulumu.jpg 960w, https:\/\/www.entekmekanik.com\/wp-content\/uploads\/2026\/03\/Endustriyel-Tesis-Kurulumu-300x169.jpg 300w, https:\/\/www.entekmekanik.com\/wp-content\/uploads\/2026\/03\/Endustriyel-Tesis-Kurulumu-768x432.jpg 768w\" sizes=\"(max-width: 960px) 100vw, 960px\" \/><\/div><\/a>\n\t\t\t\t<div class=\"elementor-post__text\">\n\t\t\t\t<h3 class=\"elementor-post__title\">\n\t\t\t<a href=\"https:\/\/www.entekmekanik.com\/en\/endustriyel-tesis-kurulumu\/\" >\n\t\t\t\tIndustrial Facility Installation\t\t\t<\/a>\n\t\t<\/h3>\n\t\t\n\t\t<a class=\"elementor-post__read-more\" href=\"https:\/\/www.entekmekanik.com\/en\/endustriyel-tesis-kurulumu\/\" aria-label=\"Read more about End\u00fcstriyel Tesis Kurulumu\" tabindex=\"-1\" >\n\t\t\tRead more \"\t\t<\/a>\n\n\t\t\t\t<\/div>\n\t\t\t\t\t<\/div>\n\t\t<\/article>\n\t\t\t\t<article class=\"elementor-post elementor-grid-item post-5569 post type-post status-publish format-standard has-post-thumbnail hentry category-hizmetlerimiz\" role=\"listitem\">\n\t\t\t<div class=\"elementor-post__card\">\n\t\t\t\t<a class=\"elementor-post__thumbnail__link\" href=\"https:\/\/www.entekmekanik.com\/en\/borulama-spool-imalat-ve-montaj-isleri\/\" tabindex=\"-1\" ><div class=\"elementor-post__thumbnail\"><img decoding=\"async\" width=\"960\" height=\"540\" src=\"https:\/\/www.entekmekanik.com\/wp-content\/uploads\/2026\/03\/Borulama-Spool-Imalat-ve-Montaj-Isleri.jpg\" class=\"attachment-full size-full wp-image-5598\" alt=\"\" srcset=\"https:\/\/www.entekmekanik.com\/wp-content\/uploads\/2026\/03\/Borulama-Spool-Imalat-ve-Montaj-Isleri.jpg 960w, https:\/\/www.entekmekanik.com\/wp-content\/uploads\/2026\/03\/Borulama-Spool-Imalat-ve-Montaj-Isleri-300x169.jpg 300w, https:\/\/www.entekmekanik.com\/wp-content\/uploads\/2026\/03\/Borulama-Spool-Imalat-ve-Montaj-Isleri-768x432.jpg 768w\" sizes=\"(max-width: 960px) 100vw, 960px\" \/><\/div><\/a>\n\t\t\t\t<div class=\"elementor-post__text\">\n\t\t\t\t<h3 class=\"elementor-post__title\">\n\t\t\t<a href=\"https:\/\/www.entekmekanik.com\/en\/borulama-spool-imalat-ve-montaj-isleri\/\" >\n\t\t\t\tPiping Spool Manufacturing and Installation Works\t\t\t<\/a>\n\t\t<\/h3>\n\t\t\n\t\t<a class=\"elementor-post__read-more\" href=\"https:\/\/www.entekmekanik.com\/en\/borulama-spool-imalat-ve-montaj-isleri\/\" aria-label=\"Read more about Borulama Spool \u0130malat ve Montaj \u0130\u015fleri\" tabindex=\"-1\" >\n\t\t\tRead more \"\t\t<\/a>\n\n\t\t\t\t<\/div>\n\t\t\t\t\t<\/div>\n\t\t<\/article>\n\t\t\t\t<article class=\"elementor-post elementor-grid-item post-5571 post type-post status-publish format-standard has-post-thumbnail hentry category-hizmetlerimiz\" role=\"listitem\">\n\t\t\t<div class=\"elementor-post__card\">\n\t\t\t\t<a class=\"elementor-post__thumbnail__link\" href=\"https:\/\/www.entekmekanik.com\/en\/celik-konstruksiyon-imalat-ve-montaj-isleri-2\/\" tabindex=\"-1\" ><div class=\"elementor-post__thumbnail\"><img decoding=\"async\" width=\"800\" height=\"600\" src=\"https:\/\/www.entekmekanik.com\/wp-content\/uploads\/2026\/03\/WhatsApp-Image-2026-03-18-at-12.18.21.jpeg\" class=\"attachment-full size-full wp-image-5820\" alt=\"\" srcset=\"https:\/\/www.entekmekanik.com\/wp-content\/uploads\/2026\/03\/WhatsApp-Image-2026-03-18-at-12.18.21.jpeg 800w, https:\/\/www.entekmekanik.com\/wp-content\/uploads\/2026\/03\/WhatsApp-Image-2026-03-18-at-12.18.21-300x225.jpeg 300w, https:\/\/www.entekmekanik.com\/wp-content\/uploads\/2026\/03\/WhatsApp-Image-2026-03-18-at-12.18.21-768x576.jpeg 768w\" sizes=\"(max-width: 800px) 100vw, 800px\" \/><\/div><\/a>\n\t\t\t\t<div class=\"elementor-post__text\">\n\t\t\t\t<h3 class=\"elementor-post__title\">\n\t\t\t<a href=\"https:\/\/www.entekmekanik.com\/en\/celik-konstruksiyon-imalat-ve-montaj-isleri-2\/\" >\n\t\t\t\tSteel Structure Manufacturing and Assembly Works\t\t\t<\/a>\n\t\t<\/h3>\n\t\t\n\t\t<a class=\"elementor-post__read-more\" href=\"https:\/\/www.entekmekanik.com\/en\/celik-konstruksiyon-imalat-ve-montaj-isleri-2\/\" aria-label=\"Read more about \u00c7elik Konstr\u00fcksiyon \u0130malat ve Montaj \u0130\u015fleri\" tabindex=\"-1\" >\n\t\t\tRead more \"\t\t<\/a>\n\n\t\t\t\t<\/div>\n\t\t\t\t\t<\/div>\n\t\t<\/article>\n\t\t\t\t<article class=\"elementor-post elementor-grid-item post-5573 post type-post status-publish format-standard has-post-thumbnail hentry category-hizmetlerimiz\" role=\"listitem\">\n\t\t\t<div class=\"elementor-post__card\">\n\t\t\t\t<a class=\"elementor-post__thumbnail__link\" href=\"https:\/\/www.entekmekanik.com\/en\/depolama-ve-proses-tanklari-imalat-ve-montaji\/\" tabindex=\"-1\" ><div class=\"elementor-post__thumbnail\"><img loading=\"lazy\" decoding=\"async\" width=\"960\" height=\"540\" src=\"https:\/\/www.entekmekanik.com\/wp-content\/uploads\/2026\/03\/Depolama-ve-Proses-Tanklari-Imalat-ve-Montaji.jpg\" class=\"attachment-full size-full wp-image-5601\" alt=\"\" srcset=\"https:\/\/www.entekmekanik.com\/wp-content\/uploads\/2026\/03\/Depolama-ve-Proses-Tanklari-Imalat-ve-Montaji.jpg 960w, https:\/\/www.entekmekanik.com\/wp-content\/uploads\/2026\/03\/Depolama-ve-Proses-Tanklari-Imalat-ve-Montaji-300x169.jpg 300w, https:\/\/www.entekmekanik.com\/wp-content\/uploads\/2026\/03\/Depolama-ve-Proses-Tanklari-Imalat-ve-Montaji-768x432.jpg 768w\" sizes=\"(max-width: 960px) 100vw, 960px\" \/><\/div><\/a>\n\t\t\t\t<div class=\"elementor-post__text\">\n\t\t\t\t<h3 class=\"elementor-post__title\">\n\t\t\t<a href=\"https:\/\/www.entekmekanik.com\/en\/depolama-ve-proses-tanklari-imalat-ve-montaji\/\" >\n\t\t\t\tManufacturing and Installation of Storage and Process Tanks\t\t\t<\/a>\n\t\t<\/h3>\n\t\t\n\t\t<a class=\"elementor-post__read-more\" href=\"https:\/\/www.entekmekanik.com\/en\/depolama-ve-proses-tanklari-imalat-ve-montaji\/\" aria-label=\"Read more about Depolama ve Proses Tanklar\u0131 \u0130malat ve Montaj\u0131\" tabindex=\"-1\" >\n\t\t\tRead more \"\t\t<\/a>\n\n\t\t\t\t<\/div>\n\t\t\t\t\t<\/div>\n\t\t<\/article>\n\t\t\t\t<article class=\"elementor-post elementor-grid-item post-5575 post type-post status-publish format-standard has-post-thumbnail hentry category-hizmetlerimiz\" role=\"listitem\">\n\t\t\t<div class=\"elementor-post__card\">\n\t\t\t\t<a class=\"elementor-post__thumbnail__link\" href=\"https:\/\/www.entekmekanik.com\/en\/boru-hatlari-kurulumu\/\" tabindex=\"-1\" ><div class=\"elementor-post__thumbnail\"><img loading=\"lazy\" decoding=\"async\" width=\"960\" height=\"540\" src=\"https:\/\/www.entekmekanik.com\/wp-content\/uploads\/2026\/03\/Boru-Hatlari-Kurulumu.jpg\" class=\"attachment-full size-full wp-image-5597\" alt=\"\" srcset=\"https:\/\/www.entekmekanik.com\/wp-content\/uploads\/2026\/03\/Boru-Hatlari-Kurulumu.jpg 960w, https:\/\/www.entekmekanik.com\/wp-content\/uploads\/2026\/03\/Boru-Hatlari-Kurulumu-300x169.jpg 300w, https:\/\/www.entekmekanik.com\/wp-content\/uploads\/2026\/03\/Boru-Hatlari-Kurulumu-768x432.jpg 768w\" sizes=\"(max-width: 960px) 100vw, 960px\" \/><\/div><\/a>\n\t\t\t\t<div class=\"elementor-post__text\">\n\t\t\t\t<h3 class=\"elementor-post__title\">\n\t\t\t<a href=\"https:\/\/www.entekmekanik.com\/en\/boru-hatlari-kurulumu\/\" >\n\t\t\t\tPipeline Installation\t\t\t<\/a>\n\t\t<\/h3>\n\t\t\n\t\t<a class=\"elementor-post__read-more\" href=\"https:\/\/www.entekmekanik.com\/en\/boru-hatlari-kurulumu\/\" aria-label=\"Read more about Boru Hatlar\u0131 Kurulumu\" tabindex=\"-1\" >\n\t\t\tRead more \"\t\t<\/a>\n\n\t\t\t\t<\/div>\n\t\t\t\t\t<\/div>\n\t\t<\/article>\n\t\t\t\t<article class=\"elementor-post elementor-grid-item post-5577 post type-post status-publish format-standard has-post-thumbnail hentry category-hizmetlerimiz\" role=\"listitem\">\n\t\t\t<div class=\"elementor-post__card\">\n\t\t\t\t<a class=\"elementor-post__thumbnail__link\" href=\"https:\/\/www.entekmekanik.com\/en\/statik-ve-doner-ekipman-montaj-isleri\/\" tabindex=\"-1\" ><div class=\"elementor-post__thumbnail\"><img loading=\"lazy\" decoding=\"async\" width=\"960\" height=\"540\" src=\"https:\/\/www.entekmekanik.com\/wp-content\/uploads\/2026\/03\/Statik-ve-Doner-Ekipman-Montaj-Isleri.jpg\" class=\"attachment-full size-full wp-image-5606\" alt=\"\" srcset=\"https:\/\/www.entekmekanik.com\/wp-content\/uploads\/2026\/03\/Statik-ve-Doner-Ekipman-Montaj-Isleri.jpg 960w, https:\/\/www.entekmekanik.com\/wp-content\/uploads\/2026\/03\/Statik-ve-Doner-Ekipman-Montaj-Isleri-300x169.jpg 300w, https:\/\/www.entekmekanik.com\/wp-content\/uploads\/2026\/03\/Statik-ve-Doner-Ekipman-Montaj-Isleri-768x432.jpg 768w\" sizes=\"(max-width: 960px) 100vw, 960px\" \/><\/div><\/a>\n\t\t\t\t<div class=\"elementor-post__text\">\n\t\t\t\t<h3 class=\"elementor-post__title\">\n\t\t\t<a href=\"https:\/\/www.entekmekanik.com\/en\/statik-ve-doner-ekipman-montaj-isleri\/\" >\n\t\t\t\tInstallation of Static and Rotating Equipment\t\t\t<\/a>\n\t\t<\/h3>\n\t\t\n\t\t<a class=\"elementor-post__read-more\" href=\"https:\/\/www.entekmekanik.com\/en\/statik-ve-doner-ekipman-montaj-isleri\/\" aria-label=\"Read more about Statik ve D\u00f6ner Ekipman Montaj \u0130\u015fleri\" tabindex=\"-1\" >\n\t\t\tRead more \"\t\t<\/a>\n\n\t\t\t\t<\/div>\n\t\t\t\t\t<\/div>\n\t\t<\/article>\n\t\t\t\t<article class=\"elementor-post elementor-grid-item post-5579 post type-post status-publish format-standard has-post-thumbnail hentry category-hizmetlerimiz\" role=\"listitem\">\n\t\t\t<div class=\"elementor-post__card\">\n\t\t\t\t<a class=\"elementor-post__thumbnail__link\" href=\"https:\/\/www.entekmekanik.com\/en\/basincli-kaplar-imalat-ve-montaj-isler\/\" tabindex=\"-1\" ><div class=\"elementor-post__thumbnail\"><img loading=\"lazy\" decoding=\"async\" width=\"960\" height=\"540\" src=\"https:\/\/www.entekmekanik.com\/wp-content\/uploads\/2026\/03\/Adsiz-tasarim-2026-03-18T124159.401.jpg\" class=\"attachment-full size-full wp-image-5824\" alt=\"\" srcset=\"https:\/\/www.entekmekanik.com\/wp-content\/uploads\/2026\/03\/Adsiz-tasarim-2026-03-18T124159.401.jpg 960w, https:\/\/www.entekmekanik.com\/wp-content\/uploads\/2026\/03\/Adsiz-tasarim-2026-03-18T124159.401-300x169.jpg 300w, https:\/\/www.entekmekanik.com\/wp-content\/uploads\/2026\/03\/Adsiz-tasarim-2026-03-18T124159.401-768x432.jpg 768w\" sizes=\"(max-width: 960px) 100vw, 960px\" \/><\/div><\/a>\n\t\t\t\t<div class=\"elementor-post__text\">\n\t\t\t\t<h3 class=\"elementor-post__title\">\n\t\t\t<a href=\"https:\/\/www.entekmekanik.com\/en\/basincli-kaplar-imalat-ve-montaj-isler\/\" >\n\t\t\t\tPressure Vessel Manufacturing and Assembly Works\t\t\t<\/a>\n\t\t<\/h3>\n\t\t\n\t\t<a class=\"elementor-post__read-more\" href=\"https:\/\/www.entekmekanik.com\/en\/basincli-kaplar-imalat-ve-montaj-isler\/\" aria-label=\"Read more about Bas\u0131n\u00e7l\u0131 Kaplar \u0130malat ve Montaj \u0130\u015fler\" tabindex=\"-1\" >\n\t\t\tRead more \"\t\t<\/a>\n\n\t\t\t\t<\/div>\n\t\t\t\t\t<\/div>\n\t\t<\/article>\n\t\t\t\t<article class=\"elementor-post elementor-grid-item post-5581 post type-post status-publish format-standard has-post-thumbnail hentry category-hizmetlerimiz\" role=\"listitem\">\n\t\t\t<div class=\"elementor-post__card\">\n\t\t\t\t<a class=\"elementor-post__thumbnail__link\" href=\"https:\/\/www.entekmekanik.com\/en\/teknik-personel-ve-is-gucu-tedarigi\/\" tabindex=\"-1\" ><div class=\"elementor-post__thumbnail\"><img loading=\"lazy\" decoding=\"async\" width=\"800\" height=\"600\" src=\"https:\/\/www.entekmekanik.com\/wp-content\/uploads\/2026\/03\/Adsiz-tasarim-2026-03-18T130116.014.jpg\" class=\"attachment-full size-full wp-image-5840\" alt=\"\" srcset=\"https:\/\/www.entekmekanik.com\/wp-content\/uploads\/2026\/03\/Adsiz-tasarim-2026-03-18T130116.014.jpg 800w, https:\/\/www.entekmekanik.com\/wp-content\/uploads\/2026\/03\/Adsiz-tasarim-2026-03-18T130116.014-300x225.jpg 300w, https:\/\/www.entekmekanik.com\/wp-content\/uploads\/2026\/03\/Adsiz-tasarim-2026-03-18T130116.014-768x576.jpg 768w\" sizes=\"(max-width: 800px) 100vw, 800px\" \/><\/div><\/a>\n\t\t\t\t<div class=\"elementor-post__text\">\n\t\t\t\t<h3 class=\"elementor-post__title\">\n\t\t\t<a href=\"https:\/\/www.entekmekanik.com\/en\/teknik-personel-ve-is-gucu-tedarigi\/\" >\n\t\t\t\tTechnical Personnel and Workforce Supply\t\t\t<\/a>\n\t\t<\/h3>\n\t\t\n\t\t<a class=\"elementor-post__read-more\" href=\"https:\/\/www.entekmekanik.com\/en\/teknik-personel-ve-is-gucu-tedarigi\/\" aria-label=\"Read more about Teknik Personel ve \u0130\u015f G\u00fcc\u00fc Tedari\u011fi\" tabindex=\"-1\" >\n\t\t\tRead more \"\t\t<\/a>\n\n\t\t\t\t<\/div>\n\t\t\t\t\t<\/div>\n\t\t<\/article>\n\t\t\t\t<article class=\"elementor-post elementor-grid-item post-5583 post type-post status-publish format-standard has-post-thumbnail hentry category-hizmetlerimiz\" role=\"listitem\">\n\t\t\t<div class=\"elementor-post__card\">\n\t\t\t\t<a class=\"elementor-post__thumbnail__link\" href=\"https:\/\/www.entekmekanik.com\/en\/hvac-ve-yangin-sistemleri\/\" tabindex=\"-1\" ><div class=\"elementor-post__thumbnail\"><img loading=\"lazy\" decoding=\"async\" width=\"1600\" height=\"800\" src=\"https:\/\/www.entekmekanik.com\/wp-content\/uploads\/2026\/03\/yangin-tesisat-slider-bg.webp\" class=\"attachment-full size-full wp-image-5660\" alt=\"\" srcset=\"https:\/\/www.entekmekanik.com\/wp-content\/uploads\/2026\/03\/yangin-tesisat-slider-bg.webp 1600w, https:\/\/www.entekmekanik.com\/wp-content\/uploads\/2026\/03\/yangin-tesisat-slider-bg-300x150.webp 300w, https:\/\/www.entekmekanik.com\/wp-content\/uploads\/2026\/03\/yangin-tesisat-slider-bg-1024x512.webp 1024w, https:\/\/www.entekmekanik.com\/wp-content\/uploads\/2026\/03\/yangin-tesisat-slider-bg-768x384.webp 768w, https:\/\/www.entekmekanik.com\/wp-content\/uploads\/2026\/03\/yangin-tesisat-slider-bg-1536x768.webp 1536w\" sizes=\"(max-width: 1600px) 100vw, 1600px\" \/><\/div><\/a>\n\t\t\t\t<div class=\"elementor-post__text\">\n\t\t\t\t<h3 class=\"elementor-post__title\">\n\t\t\t<a href=\"https:\/\/www.entekmekanik.com\/en\/hvac-ve-yangin-sistemleri\/\" >\n\t\t\t\tHVAC and Fire Systems\t\t\t<\/a>\n\t\t<\/h3>\n\t\t\n\t\t<a class=\"elementor-post__read-more\" href=\"https:\/\/www.entekmekanik.com\/en\/hvac-ve-yangin-sistemleri\/\" aria-label=\"Read more about HVAC ve Yang\u0131n Sistemleri\" tabindex=\"-1\" >\n\t\t\tRead more \"\t\t<\/a>\n\n\t\t\t\t<\/div>\n\t\t\t\t\t<\/div>\n\t\t<\/article>\n\t\t\t\t<article class=\"elementor-post elementor-grid-item post-5585 post type-post status-publish format-standard has-post-thumbnail hentry category-hizmetlerimiz\" role=\"listitem\">\n\t\t\t<div class=\"elementor-post__card\">\n\t\t\t\t<a class=\"elementor-post__thumbnail__link\" href=\"https:\/\/www.entekmekanik.com\/en\/endustriyel-bakimservis-ve-revizyon-isleri\/\" tabindex=\"-1\" ><div class=\"elementor-post__thumbnail\"><img loading=\"lazy\" decoding=\"async\" width=\"960\" height=\"540\" src=\"https:\/\/www.entekmekanik.com\/wp-content\/uploads\/2026\/03\/Endustriyel-BakimServis-ve-Revizyon-Isleri.jpg\" class=\"attachment-full size-full wp-image-5602\" alt=\"\" srcset=\"https:\/\/www.entekmekanik.com\/wp-content\/uploads\/2026\/03\/Endustriyel-BakimServis-ve-Revizyon-Isleri.jpg 960w, https:\/\/www.entekmekanik.com\/wp-content\/uploads\/2026\/03\/Endustriyel-BakimServis-ve-Revizyon-Isleri-300x169.jpg 300w, https:\/\/www.entekmekanik.com\/wp-content\/uploads\/2026\/03\/Endustriyel-BakimServis-ve-Revizyon-Isleri-768x432.jpg 768w\" sizes=\"(max-width: 960px) 100vw, 960px\" \/><\/div><\/a>\n\t\t\t\t<div class=\"elementor-post__text\">\n\t\t\t\t<h3 class=\"elementor-post__title\">\n\t\t\t<a href=\"https:\/\/www.entekmekanik.com\/en\/endustriyel-bakimservis-ve-revizyon-isleri\/\" >\n\t\t\t\tHVAC and Fire Systems\t\t\t<\/a>\n\t\t<\/h3>\n\t\t\n\t\t<a class=\"elementor-post__read-more\" href=\"https:\/\/www.entekmekanik.com\/en\/endustriyel-bakimservis-ve-revizyon-isleri\/\" aria-label=\"Read more about End\u00fcstriyel  Bak\u0131m,Servis ve Revizyon \u0130\u015fleri\" tabindex=\"-1\" >\n\t\t\tRead more \"\t\t<\/a>\n\n\t\t\t\t<\/div>\n\t\t\t\t\t<\/div>\n\t\t<\/article>\n\t\t\t\t<article class=\"elementor-post elementor-grid-item post-5587 post type-post status-publish format-standard has-post-thumbnail hentry category-hizmetlerimiz\" role=\"listitem\">\n\t\t\t<div class=\"elementor-post__card\">\n\t\t\t\t<a class=\"elementor-post__thumbnail__link\" href=\"https:\/\/www.entekmekanik.com\/en\/boya-ve-izolasyon-isleri-2\/\" tabindex=\"-1\" ><div class=\"elementor-post__thumbnail\"><img loading=\"lazy\" decoding=\"async\" width=\"960\" height=\"540\" src=\"https:\/\/www.entekmekanik.com\/wp-content\/uploads\/2026\/03\/Adsiz-tasarim-2026-03-18T124523.967.jpg\" class=\"attachment-full size-full wp-image-5830\" alt=\"\" srcset=\"https:\/\/www.entekmekanik.com\/wp-content\/uploads\/2026\/03\/Adsiz-tasarim-2026-03-18T124523.967.jpg 960w, https:\/\/www.entekmekanik.com\/wp-content\/uploads\/2026\/03\/Adsiz-tasarim-2026-03-18T124523.967-300x169.jpg 300w, https:\/\/www.entekmekanik.com\/wp-content\/uploads\/2026\/03\/Adsiz-tasarim-2026-03-18T124523.967-768x432.jpg 768w\" sizes=\"(max-width: 960px) 100vw, 960px\" \/><\/div><\/a>\n\t\t\t\t<div class=\"elementor-post__text\">\n\t\t\t\t<h3 class=\"elementor-post__title\">\n\t\t\t<a href=\"https:\/\/www.entekmekanik.com\/en\/boya-ve-izolasyon-isleri-2\/\" >\n\t\t\t\tPainting and Insulation Works\t\t\t<\/a>\n\t\t<\/h3>\n\t\t\n\t\t<a class=\"elementor-post__read-more\" href=\"https:\/\/www.entekmekanik.com\/en\/boya-ve-izolasyon-isleri-2\/\" aria-label=\"Read more about Boya ve \u0130zolasyon \u0130\u015fleri\" tabindex=\"-1\" >\n\t\t\tRead more \"\t\t<\/a>\n\n\t\t\t\t<\/div>\n\t\t\t\t\t<\/div>\n\t\t<\/article>\n\t\t\t\t<article class=\"elementor-post elementor-grid-item post-5589 post type-post status-publish format-standard has-post-thumbnail hentry category-hizmetlerimiz\" role=\"listitem\">\n\t\t\t<div class=\"elementor-post__card\">\n\t\t\t\t<a class=\"elementor-post__thumbnail__link\" href=\"https:\/\/www.entekmekanik.com\/en\/muhendislik-ve-projelendirme\/\" tabindex=\"-1\" ><div class=\"elementor-post__thumbnail\"><img loading=\"lazy\" decoding=\"async\" width=\"960\" height=\"540\" src=\"https:\/\/www.entekmekanik.com\/wp-content\/uploads\/2026\/03\/Muhendislik-ve-Projelendirme.jpg\" class=\"attachment-full size-full wp-image-5605\" alt=\"\" srcset=\"https:\/\/www.entekmekanik.com\/wp-content\/uploads\/2026\/03\/Muhendislik-ve-Projelendirme.jpg 960w, https:\/\/www.entekmekanik.com\/wp-content\/uploads\/2026\/03\/Muhendislik-ve-Projelendirme-300x169.jpg 300w, https:\/\/www.entekmekanik.com\/wp-content\/uploads\/2026\/03\/Muhendislik-ve-Projelendirme-768x432.jpg 768w\" sizes=\"(max-width: 960px) 100vw, 960px\" \/><\/div><\/a>\n\t\t\t\t<div class=\"elementor-post__text\">\n\t\t\t\t<h3 class=\"elementor-post__title\">\n\t\t\t<a href=\"https:\/\/www.entekmekanik.com\/en\/muhendislik-ve-projelendirme\/\" >\n\t\t\t\tEngineering and Project Planning\t\t\t<\/a>\n\t\t<\/h3>\n\t\t\n\t\t<a class=\"elementor-post__read-more\" href=\"https:\/\/www.entekmekanik.com\/en\/muhendislik-ve-projelendirme\/\" aria-label=\"Read more about M\u00fchendislik ve Projelendirme\" tabindex=\"-1\" >\n\t\t\tRead more \"\t\t<\/a>\n\n\t\t\t\t<\/div>\n\t\t\t\t\t<\/div>\n\t\t<\/article>\n\t\t\t\t<article class=\"elementor-post elementor-grid-item post-5591 post type-post status-publish format-standard has-post-thumbnail hentry category-hizmetlerimiz\" role=\"listitem\">\n\t\t\t<div class=\"elementor-post__card\">\n\t\t\t\t<a class=\"elementor-post__thumbnail__link\" href=\"https:\/\/www.entekmekanik.com\/en\/teknik-danismanlik\/\" tabindex=\"-1\" ><div class=\"elementor-post__thumbnail\"><img loading=\"lazy\" decoding=\"async\" width=\"960\" height=\"540\" src=\"https:\/\/www.entekmekanik.com\/wp-content\/uploads\/2026\/03\/Teknik-Danismanlik.jpg\" class=\"attachment-full size-full wp-image-5607\" alt=\"\" srcset=\"https:\/\/www.entekmekanik.com\/wp-content\/uploads\/2026\/03\/Teknik-Danismanlik.jpg 960w, https:\/\/www.entekmekanik.com\/wp-content\/uploads\/2026\/03\/Teknik-Danismanlik-300x169.jpg 300w, https:\/\/www.entekmekanik.com\/wp-content\/uploads\/2026\/03\/Teknik-Danismanlik-768x432.jpg 768w\" sizes=\"(max-width: 960px) 100vw, 960px\" \/><\/div><\/a>\n\t\t\t\t<div class=\"elementor-post__text\">\n\t\t\t\t<h3 class=\"elementor-post__title\">\n\t\t\t<a href=\"https:\/\/www.entekmekanik.com\/en\/teknik-danismanlik\/\" >\n\t\t\t\tTechnical Consultancy\t\t\t<\/a>\n\t\t<\/h3>\n\t\t\n\t\t<a class=\"elementor-post__read-more\" href=\"https:\/\/www.entekmekanik.com\/en\/teknik-danismanlik\/\" aria-label=\"Read more about Teknik Dan\u0131\u015fmanl\u0131k\" tabindex=\"-1\" >\n\t\t\tRead more \"\t\t<\/a>\n\n\t\t\t\t<\/div>\n\t\t\t\t\t<\/div>\n\t\t<\/article>\n\t\t\t\t<\/div>\n\t\t\n\t\t\t\t\t\t<\/div>\n\t\t\t\t<\/div>\n\t\t\t\t\t<\/div>\n\t\t\t\t<\/div>\n\t\t\t\t<\/div>\n\t\t\n    <div class=\"xs_social_share_widget xs_share_url after_content \t\tmain_content  wslu-style-1 wslu-share-box-shaped wslu-fill-colored wslu-none wslu-share-horizontal wslu-theme-font-no wslu-main_content\">\n\n\t\t\n        <ul>\n\t\t\t        <\/ul>\n    <\/div>","protected":false},"excerpt":{"rendered":"","protected":false},"author":1,"featured_media":0,"parent":0,"menu_order":0,"comment_status":"closed","ping_status":"closed","template":"","meta":{"inline_featured_image":false,"postBodyCss":"","postBodyMargin":[],"postBodyPadding":[],"postBodyBackground":{"backgroundType":"classic","gradient":""},"footnotes":""},"class_list":["post-5510","page","type-page","status-publish","hentry"],"_links":{"self":[{"href":"https:\/\/www.entekmekanik.com\/en\/wp-json\/wp\/v2\/pages\/5510","targetHints":{"allow":["GET"]}}],"collection":[{"href":"https:\/\/www.entekmekanik.com\/en\/wp-json\/wp\/v2\/pages"}],"about":[{"href":"https:\/\/www.entekmekanik.com\/en\/wp-json\/wp\/v2\/types\/page"}],"author":[{"embeddable":true,"href":"https:\/\/www.entekmekanik.com\/en\/wp-json\/wp\/v2\/users\/1"}],"replies":[{"embeddable":true,"href":"https:\/\/www.entekmekanik.com\/en\/wp-json\/wp\/v2\/comments?post=5510"}],"version-history":[{"count":4,"href":"https:\/\/www.entekmekanik.com\/en\/wp-json\/wp\/v2\/pages\/5510\/revisions"}],"predecessor-version":[{"id":5595,"href":"https:\/\/www.entekmekanik.com\/en\/wp-json\/wp\/v2\/pages\/5510\/revisions\/5595"}],"wp:attachment":[{"href":"https:\/\/www.entekmekanik.com\/en\/wp-json\/wp\/v2\/media?parent=5510"}],"curies":[{"name":"wp","href":"https:\/\/api.w.org\/{rel}","templated":true}]}}